{"id":1087,"date":"2025-05-17T09:19:22","date_gmt":"2025-05-17T09:19:22","guid":{"rendered":"https:\/\/mustafadevrim.com.tr\/blog\/?page_id=1087"},"modified":"2025-05-17T10:11:19","modified_gmt":"2025-05-17T10:11:19","slug":"kurslar","status":"publish","type":"page","link":"https:\/\/mustafadevrim.com.tr\/blog\/kurslar\/","title":{"rendered":"Online Kurslar"},"content":{"rendered":"\n<p>Online kurslar \u00f6\u011frenmeyi h\u0131zland\u0131r\u0131r ve zamandan kazand\u0131r\u0131r.<\/p>\n\n\n\n<p>\ud83c\udf93 <strong>Teknolojiyi Sadece T\u00fcketme, \u00dcretmeye Ba\u015fla!<\/strong><br><strong>Netion Programlama<\/strong>, <strong>Arduino ile Ger\u00e7ek D\u00fcnya Uygulamalar\u0131<\/strong>, ve <strong>Kendi 3D Yaz\u0131c\u0131n\u0131 Yap<\/strong> gibi kurslarla, teknik becerilerini s\u0131f\u0131rdan zirveye ta\u015f\u0131!<br>Karma\u015f\u0131k g\u00f6r\u00fcnen sistemleri ad\u0131m ad\u0131m basit\u00e7e \u00f6\u011freten, uygulamal\u0131 projelerle desteklenen bu kurslar, sadece izleyen de\u011fil <strong>kendi devresini \u00e7izen<\/strong>, <strong>kendi yaz\u0131c\u0131s\u0131n\u0131 kuran<\/strong> ve <strong>kodlayan<\/strong> bireyler yeti\u015ftirmek i\u00e7in haz\u0131rland\u0131.<\/p>\n\n\n\n<p>\u2714 Yeni ba\u015flayanlar i\u00e7in sade anlat\u0131m<br>\u2714 Ger\u00e7ek hayattan \u00f6rnek projeler<br>\u2714 Kendi h\u0131z\u0131nda \u00f6\u011fren, \u00f6m\u00fcr boyu eri\u015fim<\/p>\n\n\n\n<p>\ud83d\ude80 \u015eimdi ba\u015fla, teknolojiye y\u00f6n verenlerden biri sen ol!<\/p>\n\n\n\n<div style=\"height:100px\" aria-hidden=\"true\" class=\"wp-block-spacer\"><\/div>\n\n\n\n<div class=\"wp-block-columns is-layout-flex wp-container-core-columns-is-layout-28f84493 wp-block-columns-is-layout-flex\">\n<div class=\"wp-block-column is-layout-flow wp-block-column-is-layout-flow\" style=\"flex-basis:66.66%\">\n<figure class=\"wp-block-image size-large\"><img loading=\"lazy\" decoding=\"async\" width=\"1024\" height=\"683\" src=\"https:\/\/mustafadevrim.com.tr\/blog\/wp-content\/uploads\/2025\/05\/kapak1-1024x683.jpg\" alt=\"\" class=\"wp-image-1093\" srcset=\"https:\/\/mustafadevrim.com.tr\/blog\/wp-content\/uploads\/2025\/05\/kapak1-1024x683.jpg 1024w, https:\/\/mustafadevrim.com.tr\/blog\/wp-content\/uploads\/2025\/05\/kapak1-300x200.jpg 300w, https:\/\/mustafadevrim.com.tr\/blog\/wp-content\/uploads\/2025\/05\/kapak1-768x512.jpg 768w, https:\/\/mustafadevrim.com.tr\/blog\/wp-content\/uploads\/2025\/05\/kapak1-1536x1024.jpg 1536w, https:\/\/mustafadevrim.com.tr\/blog\/wp-content\/uploads\/2025\/05\/kapak1.jpg 1800w\" sizes=\"auto, (max-width: 1024px) 100vw, 1024px\" \/><\/figure>\n<\/div>\n\n\n\n<div class=\"wp-block-column is-layout-flow wp-block-column-is-layout-flow\" style=\"flex-basis:33.33%\">\n<p>Arduino Programlama<\/p>\n\n\n\n<p>Arduino ile projeler geli\u015ftirmek i\u00e7in programlamay\u0131 en temel seviyeden \u00f6\u011frenmeye ba\u015fla.<\/p>\n\n\n\n<div class=\"wp-block-buttons is-layout-flex wp-block-buttons-is-layout-flex\">\n<div class=\"wp-block-button\"><a class=\"wp-block-button__link wp-element-button\" href=\"https:\/\/www.udemy.com\/course\/arduino-programlama-ve-elektronik-bilesenleri-tanma-detayl\/?referralCode=BB03C214FB7D4ED096C6\" target=\"_blank\" rel=\"noreferrer noopener\">Sat\u0131n Al<\/a><\/div>\n<\/div>\n<\/div>\n<\/div>\n\n\n\n<div class=\"wp-block-columns is-layout-flex wp-container-core-columns-is-layout-28f84493 wp-block-columns-is-layout-flex\">\n<div class=\"wp-block-column is-layout-flow wp-block-column-is-layout-flow\" style=\"flex-basis:100%\">\n<div style=\"height:100px\" aria-hidden=\"true\" class=\"wp-block-spacer\"><\/div>\n<\/div>\n<\/div>\n\n\n\n<div class=\"wp-block-columns is-layout-flex wp-container-core-columns-is-layout-28f84493 wp-block-columns-is-layout-flex\">\n<div class=\"wp-block-column is-layout-flow wp-block-column-is-layout-flow\" style=\"flex-basis:33.33%\">\n<p>Kendi 3D yaz\u0131c\u0131n\u0131 Yap<\/p>\n\n\n\n<p>3D Yaz\u0131c\u0131lar\u0131n do\u011fas\u0131n\u0131 anlamak ve problemlere \u00e7\u00f6z\u00fcm bulabilmeyi \u00f6\u011frenece\u011finiz muhte\u015fem bir ar\u015fiv&#8230;<\/p>\n\n\n\n<div class=\"wp-block-buttons is-layout-flex wp-block-buttons-is-layout-flex\">\n<div class=\"wp-block-button\"><a class=\"wp-block-button__link wp-element-button\" href=\"https:\/\/www.udemy.com\/course\/3d-printer-3d-yazici-nasil-yapilir\/?referralCode=502C1F9807C95A9A6985\" target=\"_blank\" rel=\"noreferrer noopener\">Sat\u0131n al<\/a><\/div>\n<\/div>\n<\/div>\n\n\n\n<div class=\"wp-block-column is-layout-flow wp-block-column-is-layout-flow\" style=\"flex-basis:66.66%\">\n<figure class=\"wp-block-image size-full is-resized\"><img loading=\"lazy\" decoding=\"async\" width=\"750\" height=\"422\" src=\"https:\/\/mustafadevrim.com.tr\/blog\/wp-content\/uploads\/2025\/05\/3493916_58d2-1.webp\" alt=\"\" class=\"wp-image-1097\" style=\"width:464px;height:auto\" srcset=\"https:\/\/mustafadevrim.com.tr\/blog\/wp-content\/uploads\/2025\/05\/3493916_58d2-1.webp 750w, https:\/\/mustafadevrim.com.tr\/blog\/wp-content\/uploads\/2025\/05\/3493916_58d2-1-300x169.webp 300w\" sizes=\"auto, (max-width: 750px) 100vw, 750px\" \/><\/figure>\n<\/div>\n<\/div>\n\n\n\n<div style=\"height:100px\" aria-hidden=\"true\" class=\"wp-block-spacer\"><\/div>\n\n\n\n<div class=\"wp-block-columns is-layout-flex wp-container-core-columns-is-layout-28f84493 wp-block-columns-is-layout-flex\">\n<div class=\"wp-block-column is-layout-flow wp-block-column-is-layout-flow\" style=\"flex-basis:66.66%\">\n<figure class=\"wp-block-image size-full\"><img loading=\"lazy\" decoding=\"async\" width=\"750\" height=\"422\" src=\"https:\/\/mustafadevrim.com.tr\/blog\/wp-content\/uploads\/2025\/05\/3940494_969e_4.webp\" alt=\"\" class=\"wp-image-1099\" srcset=\"https:\/\/mustafadevrim.com.tr\/blog\/wp-content\/uploads\/2025\/05\/3940494_969e_4.webp 750w, https:\/\/mustafadevrim.com.tr\/blog\/wp-content\/uploads\/2025\/05\/3940494_969e_4-300x169.webp 300w\" sizes=\"auto, (max-width: 750px) 100vw, 750px\" \/><\/figure>\n<\/div>\n\n\n\n<div class=\"wp-block-column is-layout-flow wp-block-column-is-layout-flow\" style=\"flex-basis:33.33%\">\n<p>Nextion Ekran Programla<\/p>\n\n\n\n<p>Nextion HMI ekranlar\u0131n\u0131 programlamaa giri\u015f kursuna hemen kaydol.<\/p>\n\n\n\n<div class=\"wp-block-buttons is-layout-flex wp-block-buttons-is-layout-flex\">\n<div class=\"wp-block-button\"><a class=\"wp-block-button__link wp-element-button\" href=\"https:\/\/www.udemy.com\/course\/nextion-hmi-lcd-ekran-programlama-ve-arduino-haberlestirme\/?referralCode=99DF2FAE0D2AB0F8DD89\" target=\"_blank\" rel=\"noreferrer noopener\">Sat\u0131n Al<\/a><\/div>\n<\/div>\n<\/div>\n<\/div>\n\n\n\n<div style=\"height:100px\" aria-hidden=\"true\" class=\"wp-block-spacer\"><\/div>\n\n\n\n<div class=\"wp-block-columns is-layout-flex wp-container-core-columns-is-layout-28f84493 wp-block-columns-is-layout-flex\">\n<div class=\"wp-block-column is-layout-flow wp-block-column-is-layout-flow\" style=\"flex-basis:33.33%\">\n<p>Nextion HMI \u0130leri Seviye<\/p>\n\n\n\n<p>Nextion HMI ekranlar\u0131 ileri seviyede programlamay\u0131 \u00f6\u011freten muhte\u015fem bir kurs.<\/p>\n\n\n\n<div class=\"wp-block-buttons is-layout-flex wp-block-buttons-is-layout-flex\">\n<div class=\"wp-block-button\"><a class=\"wp-block-button__link wp-element-button\" href=\"https:\/\/www.udemy.com\/course\/nextion-hmi-lcd-programlama-ve-arduino-haberlestirme-lvl-2\/?referralCode=74B15E9BA57AD8C216C9\" target=\"_blank\" rel=\"noreferrer noopener\">Sat\u0131n Al<\/a><\/div>\n<\/div>\n<\/div>\n\n\n\n<div class=\"wp-block-column is-layout-flow wp-block-column-is-layout-flow\" style=\"flex-basis:66.66%\">\n<figure class=\"wp-block-image size-full\"><img loading=\"lazy\" decoding=\"async\" width=\"750\" height=\"422\" src=\"https:\/\/mustafadevrim.com.tr\/blog\/wp-content\/uploads\/2025\/05\/NextionUdemyKurs_Level2_Kapak-1.png\" alt=\"\" class=\"wp-image-1105\" srcset=\"https:\/\/mustafadevrim.com.tr\/blog\/wp-content\/uploads\/2025\/05\/NextionUdemyKurs_Level2_Kapak-1.png 750w, https:\/\/mustafadevrim.com.tr\/blog\/wp-content\/uploads\/2025\/05\/NextionUdemyKurs_Level2_Kapak-1-300x169.png 300w\" sizes=\"auto, (max-width: 750px) 100vw, 750px\" \/><\/figure>\n<\/div>\n<\/div>\n\n\n\n<div class=\"wp-block-group has-global-padding is-layout-constrained wp-block-group-is-layout-constrained\">\n<div class=\"wp-block-group has-global-padding is-layout-constrained wp-block-group-is-layout-constrained\">\n<div style=\"height:100px\" aria-hidden=\"true\" class=\"wp-block-spacer\"><\/div>\n<\/div>\n<\/div>\n\n\n\n<p>\ud83d\udca1 <strong>Sen de Bir \u015eeyler Yapabilirsin \u2013 Hemen Ba\u015fla!<\/strong><\/p>\n\n\n\n<p>Her uzman bir zamanlar acemiydi. Belki ilk devreni \u00e7izece\u011fin g\u00fcn bug\u00fcn, belki de kendi 3D yaz\u0131c\u0131n\u0131 in\u015fa edece\u011fin o heyecanl\u0131 s\u00fcrece \u015fimdi ad\u0131m atacaks\u0131n.<br>Sana sadece bilgi de\u011fil, ilham da vermek i\u00e7in buraday\u0131z.<br><strong>Hangi seviyede olursan ol, yeter ki ba\u015fla!<\/strong><\/p>\n\n\n\n<p>\ud83d\udc49 Kursunu se\u00e7, \u00fcretmeye bug\u00fcnden ba\u015fla.<br><strong>\u00c7\u00fcnk\u00fc senin yapacaklar\u0131n, izlediklerinden \u00e7ok daha etkileyici olabilir.<\/strong><\/p>\n","protected":false},"excerpt":{"rendered":"<p>Online kurslar \u00f6\u011frenmeyi h\u0131zland\u0131r\u0131r ve zamandan kazand\u0131r\u0131r. \ud83c\udf93 Teknolojiyi Sadece T\u00fcketme, \u00dcretmeye Ba\u015fla!Netion Programlama, Arduino ile Ger\u00e7ek D\u00fcnya Uygulamalar\u0131, ve Kendi 3D Yaz\u0131c\u0131n\u0131 Yap gibi kurslarla, teknik becerilerini s\u0131f\u0131rdan zirveye ta\u015f\u0131!Karma\u015f\u0131k g\u00f6r\u00fcnen sistemleri ad\u0131m ad\u0131m basit\u00e7e \u00f6\u011freten, uygulamal\u0131 projelerle desteklenen bu kurslar, sadece izleyen de\u011fil kendi devresini \u00e7izen, kendi yaz\u0131c\u0131s\u0131n\u0131 kuran ve kodlayan bireyler yeti\u015ftirmek [&hellip;]<\/p>\n","protected":false},"author":1,"featured_media":0,"parent":0,"menu_order":0,"comment_status":"closed","ping_status":"closed","template":"","meta":{"_themeisle_gutenberg_block_has_review":false,"footnotes":""},"class_list":["post-1087","page","type-page","status-publish","hentry"],"_links":{"self":[{"href":"https:\/\/mustafadevrim.com.tr\/blog\/wp-json\/wp\/v2\/pages\/1087","targetHints":{"allow":["GET"]}}],"collection":[{"href":"https:\/\/mustafadevrim.com.tr\/blog\/wp-json\/wp\/v2\/pages"}],"about":[{"href":"https:\/\/mustafadevrim.com.tr\/blog\/wp-json\/wp\/v2\/types\/page"}],"author":[{"embeddable":true,"href":"https:\/\/mustafadevrim.com.tr\/blog\/wp-json\/wp\/v2\/users\/1"}],"replies":[{"embeddable":true,"href":"https:\/\/mustafadevrim.com.tr\/blog\/wp-json\/wp\/v2\/comments?post=1087"}],"version-history":[{"count":14,"href":"https:\/\/mustafadevrim.com.tr\/blog\/wp-json\/wp\/v2\/pages\/1087\/revisions"}],"predecessor-version":[{"id":1115,"href":"https:\/\/mustafadevrim.com.tr\/blog\/wp-json\/wp\/v2\/pages\/1087\/revisions\/1115"}],"wp:attachment":[{"href":"https:\/\/mustafadevrim.com.tr\/blog\/wp-json\/wp\/v2\/media?parent=1087"}],"curies":[{"name":"wp","href":"https:\/\/api.w.org\/{rel}","templated":true}]}}